{"id":3,"date":"2024-01-30T13:19:58","date_gmt":"2024-01-30T13:19:58","guid":{"rendered":"https:\/\/imagineagency.pl\/?page_id=3"},"modified":"2024-03-13T11:54:51","modified_gmt":"2024-03-13T11:54:51","slug":"polityka-prywatnosci","status":"publish","type":"page","link":"https:\/\/imagineagency.pl\/en\/polityka-prywatnosci\/","title":{"rendered":"Privacy Policy"},"content":{"rendered":"<div class=\"wpb-content-wrapper\"><div class=\"vc_row wpb_row vc_row-fluid\"><div class=\"wpb_column vc_column_container vc_col-sm-12\"><div class=\"vc_column-inner\"><div class=\"wpb_wrapper\">\n\t<div class=\"wpb_text_column wpb_content_element\" >\n\t\t<div class=\"wpb_wrapper\">\n\t\t\t<p>Niniejsza Polityka stanowi podstawow\u0105 informacj\u0119 o celach, sposobach przetwarzania oraz bezpiecze\u0144stwie Twoich danych osobowych, jako u\u017cytkownika strony: www.imagineagency.pl (zwanej dalej Stron\u0105). Zapoznaj\u0105c si\u0119 z Polityk\u0105 prywatno\u015bci dowiesz si\u0119 kto jest administratorem Twoich danych osobowych, jakie dane osobowe s\u0105 przez Stron\u0119 zbierane, w jakich celach s\u0105 wykorzystywane oraz jak s\u0105 chronione.<\/p>\n<h2>\u00a71. Informacje podstawowe.<\/h2>\n<p>1. Administratorem Twoich danych osobowych jest: Imagine Worldwide Ltd, Suite 18 Equity Chambers 249, High Street North, Poole, BH15 1DX<br \/>\n2. Kontakt z Administratorem jest mo\u017cliwy za po\u015brednictwem poczty e-mail: hello@imagineagency.pl<\/p>\n<h2>\u00a72. Zasady przetwarzania danych.<\/h2>\n<p>1. Administrator przetwarza dane osobowe z poszanowaniem nast\u0119puj\u0105cych zasad:<br \/>\n1) w oparciu o podstaw\u0119 prawn\u0105 i zgodnie z prawem (legalizm);<br \/>\n2) rzetelnie i uczciwie (rzetelno\u015b\u0107);<br \/>\n3) w spos\u00f3b przejrzysty dla osoby, kt\u00f3rej dane dotycz\u0105 (transparentno\u015b\u0107);<br \/>\n4) w konkretnych celach i nie \u201ena zapas\u201d (minimalizacja);<br \/>\n5) nie wi\u0119cej ni\u017c potrzeba (adekwatno\u015b\u0107);<br \/>\n6) z dba\u0142o\u015bci\u0105 o prawid\u0142owo\u015b\u0107 danych (prawid\u0142owo\u015b\u0107);<br \/>\n7) nie d\u0142u\u017cej ni\u017c potrzeba (czasowo\u015b\u0107);<br \/>\n8) zapewniaj\u0105c odpowiednie bezpiecze\u0144stwo danych (bezpiecze\u0144stwo).<\/p>\n<h2>\u00a73. Cele, podstawy prawne i zakres przetwarzania danych.<\/h2>\n<p>1. Twoje dane b\u0119dziemy przetwarza\u0107:<br \/>\n1) w celach kontaktowych, aby udzieli\u0107 ci odpowiedzi na Twoj\u0105 wiadomo\u015b\u0107 przes\u0142an\u0105 nam bezpo\u015brednio drog\u0105 e-mailow\u0105 lub za po\u015brednictwem formularza na podstawie realizacji prawnie uzasadnionego interesu Administratora zwi\u0105zanego z konieczno\u015bci\u0105 udzielenia Ci odpowiedzi.<br \/>\n2) w celach technicznych przy u\u017cyciu plik\u00f3w cookies (ciasteczka techniczne), na podstawie realizacji prawnie uzasadnionego interesu Administratora zwi\u0105zanego z prawid\u0142owym dzia\u0142aniem i funkcjonowaniem Strony.<br \/>\n3) w celach statystycznych i analitycznych, je\u015bli wyrazi\u0142e\u015b zgod\u0119 na wykorzystanie przez nas plik\u00f3w cookies do cel\u00f3w analitycznych (ciasteczka analityczne).<br \/>\n4) w celach marketingowych, je\u015bli wyrazi\u0142e\u015b zgod\u0119 na wykorzystanie przez nas plik\u00f3w cookies do cel\u00f3w marketingowych (ciasteczka marketingowe)<br \/>\n5) w celach zwi\u0105zanych z prowadzeniem przez nas profilu firmowego w mediach spo\u0142eczno\u015bciowych (takich jak Facebook \/ Instagram) na zasadach okre\u015blonych przez w\u0142a\u015bcicieli danego medium (portalu) i informowania w nim o naszych produktach, promocjach i innych wiadomo\u015bciach dotycz\u0105cych naszej dzia\u0142alno\u015bci, co uwa\u017camy za nasz prawnie uzasadniony interes,<\/p>\n<p>2. Przetwarzamy Twoje dane w zakresie:<br \/>\n1) je\u015bli prze\u015blesz nam wiadomo\u015b\u0107 e-mail to b\u0119dziemy przetwarza\u0107 dane, kt\u00f3re b\u0119d\u0105 w niej zawarte. Przekazanie nam danych w e-mailu nast\u0119puje dobrowolnie. W ka\u017cdym czasie mo\u017cesz zwr\u00f3ci\u0107 si\u0119 do nas z pro\u015bb\u0105 o usuni\u0119cie tych danych.<br \/>\n2) je\u015bli skorzysta\u0107 z formularza kontaktowego na naszej stronie to b\u0119dziemy przetwarza\u0107 dane w postaci twojego adresu e-mail oraz imienia. Podanie tych danych stanowi warunek udzielenia przez nas odpowiedzi na Twoje zapytanie.<br \/>\n3) pozosta\u0142e dane, kt\u00f3re Administrator przetwarza to adres IP i inne dane zapisywane w plikach cookies. To Ty decydujesz w jakim zakresie b\u0119dziemy mogli wykorzysta\u0107 pliki cookies z Twoimi danymi. Przekazanie nam danych w ten spos\u00f3b nast\u0119puje dobrowolnie. W ka\u017cdym czasie mo\u017cesz zmieni\u0107 swoje preferencje. Mo\u017cesz to zrobi\u0107 w swojej przegl\u0105darce internetowej lub te\u017c po usuni\u0119ciu zapisanych plik\u00f3w cookies pochodz\u0105cych z naszej Strony.<br \/>\n4) je\u015bli polubisz lub w inny spos\u00f3b do\u0142\u0105czysz do naszego profilu w mediach spo\u0142eczno\u015bciowych (np. Facebook) b\u0119dziemy przetwarza\u0107 Twoje dane, kt\u00f3re poda\u0142e\u015b w danym medium i do kt\u00f3rych b\u0119dziemy mieli dost\u0119p. W celu zako\u0144czenia przetwarzania mo\u017cesz zako\u0144czy\u0107 subskrypcj\u0119 naszego profilu.<br \/>\n5) API zewn\u0119trznych partner\u00f3w: Nasza strona mo\u017ce korzysta\u0107 z API (interfejs\u00f3w programistycznych aplikacji) dostarczanych przez zewn\u0119trznych partner\u00f3w w celu zintegrowania r\u00f3\u017cnych funkcjonalno\u015bci, takich jak mapy, us\u0142ugi analityczne, reklamowe czy media spo\u0142eczno\u015bciowe. Korzystanie z tych API mo\u017ce prowadzi\u0107 do tworzenia dodatkowych ciasteczek lub korzystania z istniej\u0105cych ciasteczek w celu przetwarzania danych u\u017cytkownik\u00f3w. Zewn\u0119trzni partnerzy mog\u0105 przechowywa\u0107 i przetwarza\u0107 te dane zgodnie z w\u0142asnymi politykami prywatno\u015bci.<\/p>\n<h2>\u00a74. Odbiorcy danych oraz zamiar przekazywania danych do Pa\u0144stwa spoza EOG lub organizacji mi\u0119dzynarodowej.<\/h2>\n<p>1. Odbiorcami Twoich danych osobowych s\u0105:<br \/>\n1) je\u015bli wyrazi\u0142e\u015b zgod\u0119 na ciasteczka marketingowe, Twoje dane zapisane w plikach cookies, b\u0119d\u0105 przekazane do naszych partner\u00f3w reklamowych.<br \/>\n2) je\u015bli wyrazi\u0142e\u015b zgod\u0119 na ciasteczka analityczne, Twoje dane zapisane w plikach cookies, b\u0119d\u0105 przetwarzane przez podmiot dostarczaj\u0105cy oprogramowanie do analizy ruchu naszej stronie (np. Google Analytics)<br \/>\n3) Twoje dane nie s\u0105 przekazywane do Pa\u0144stw spoza EOG lub organizacji mi\u0119dzynarodowych, z wyj\u0105tkiem partner\u00f3w wymienionych poni\u017cej:<br \/>\n1) Google Inc. z siedzib\u0105 w USA w zakresie analityki ruchu na stronie w systemie Google Analytics oraz dostarczania dodatkowych funkcji (takich jak Google Maps, Google Search Console) zwi\u0105zanych z prawid\u0142owym funkcjonowaniem strony oraz wy\u015bwietlaniem wynik\u00f3w wyszukiwania. Zobacz jak Google przetwarza i chroni Twoje dane. Ten dodatek do przegl\u0105darki umo\u017cliwi Ci zarz\u0105dzanie zakresem i poziomem dost\u0119pu do danych zbieranych przez Google Analytics.<br \/>\n2) Google Inc. z siedzib\u0105 w USA w zakresie reklam i mierzenia ich skuteczno\u015bci w systemie Google Ads. Zobacz jak Google przetwarza i chroni Twoje dane. Tutaj mo\u017cesz zarz\u0105dza\u0107 swoimi preferencjami i informacjami w systemie reklamowym Google.<br \/>\n3) Facebook Inc. z siedzib\u0105 w USA w zakresie obs\u0142ugi konta i dost\u0119pu do danych w serwisach spo\u0142eczno\u015bciowych (Facebook, Instagram), reklam i mierzenia ich skuteczno\u015bci zwi\u0105zanych z instalacj\u0105 na stronie piksela Facebooka oraz API Konwersji. Zobacz jak Facebook przetwarza i chroni Twoje dane.<\/p>\n<h2>\u00a75. Termin przechowywania danych.<\/h2>\n<p>Nie jeste\u015bmy w stanie ustali\u0107 przez jaki okres przetwarza\u0107 b\u0119dziemy Twoje dane osobowe. Je\u015bli przekaza\u0142e\u015b nam swoje dane w formularzu lub wiadomo\u015bci e-mail w celach kontaktowych to Twoje dane b\u0119dziemy przetwarza\u0107 do momentu z\u0142o\u017cenia przez Ciebie \u017c\u0105dania usuni\u0119cia tych danych lub sprzeciwu wobec przetwarzania, ale r\u00f3wnie\u017c w przypadku, w kt\u00f3rym uznamy, \u017ce zrealizowali\u015bmy prawnie uzasadniony interes Administratora.<\/p>\n<h2>\u00a76. Prawa u\u017cytkownik\u00f3w.<\/h2>\n<p>1. W zwi\u0105zku z przetwarzaniem Twoich danych przys\u0142uguj\u0105 Ci nast\u0119puj\u0105ce prawa:<br \/>\n1) dost\u0119pu do tre\u015bci swoich danych oraz<br \/>\n2) prawo ich sprostowania, usuni\u0119cia, ograniczenia przetwarzania,<br \/>\n3) prawo do przenoszenia danych,<br \/>\n4) prawo wniesienia sprzeciwu,<br \/>\n5) prawo do cofni\u0119cia zgody na ich przetwarzanie w dowolnym momencie i w dowolnej formie, chyba \u017ce przetwarzanie Pa\u0144stwa danych odbywa si\u0119 w celu wykonywania umowy przez Administratora, w celu wywi\u0105zania si\u0119 przez Administratora z obowi\u0105zk\u00f3w prawnych wzgl\u0119dem instytucji pa\u0144stwowych lub w celu realizacji prawnie uzasadnionych interes\u00f3w Administratora.<br \/>\n2. Masz tak\u017ce prawo wniesienia skargi do Prezesa Urz\u0119du Ochrony Danych Osobowych (na adres Urz\u0119du Ochrony Danych Osobowych, ul. Stawki 2, 00-193 Warszawa).<br \/>\n3. Wi\u0119cej informacji w przedmiocie ochrony danych osobowych mog\u0105 Pa\u0144stwo otrzyma\u0107 na stronie internetowej Urz\u0119du Ochrony Danych Osobowych: www.uodo.gov.pl<\/p>\n<h2>\u00a77 Informacja o ciasteczkach<\/h2>\n<p>1. Na naszej stronie wykorzystujemy ciasteczka (pliki cookies).<br \/>\n2. Ciasteczka (pliki cookies) s\u0105 niewielkimi plikami tekstowymi przechowywanymi na urz\u0105dzeniach u\u017cytkownik\u00f3w podczas przegl\u0105dania strony internetowej. S\u0105 one wykorzystywane w celu u\u0142atwienia korzystania z naszej strony, poprawienia jako\u015bci us\u0142ug oraz umo\u017cliwienia analizy ruchu i zachowa\u0144 u\u017cytkownik\u00f3w.<br \/>\n3. Ciasteczka mog\u0105 by\u0107 sta\u0142e (trwa\u0142e) lub tymczasowe (sesyjne). Sta\u0142e ciasteczka s\u0105 przechowywane na urz\u0105dzeniu u\u017cytkownika przez okre\u015blony czas lub do momentu ich usuni\u0119cia przez u\u017cytkownika. Tymczasowe ciasteczka s\u0105 usuwane po zamkni\u0119ciu przegl\u0105darki.<br \/>\n4. Wykorzystujemy ciasteczka w\u0142asne oraz ciasteczka stron trzecich. Ciasteczka w\u0142asne s\u0105 wykorzystywane w celu zapewnienia prawid\u0142owego dzia\u0142ania strony, personalizacji tre\u015bci, zapisywania preferencji u\u017cytkownik\u00f3w oraz analizy statystyk. Ciasteczka stron trzecich s\u0105 wykorzystywane przez zewn\u0119trzne narz\u0119dzia analityczne, reklamowe oraz do integracji z mediami spo\u0142eczno\u015bciowymi.<br \/>\n5. U\u017cytkownicy maj\u0105 prawo kontrolowa\u0107 i ogranicza\u0107 spos\u00f3b, w jaki ciasteczka s\u0105 wykorzystywane na naszej stronie. Wi\u0119kszo\u015b\u0107 przegl\u0105darek internetowych umo\u017cliwia zarz\u0105dzanie plikami cookies, w tym blokowanie, ograniczanie lub usuwanie ciasteczek. Szczeg\u00f3\u0142owe informacje na temat zarz\u0105dzania ciasteczkami mo\u017cna znale\u017a\u0107 w ustawieniach przegl\u0105darki u\u017cytkownika.<br \/>\n6. Nale\u017cy pami\u0119ta\u0107, \u017ce wy\u0142\u0105czenie lub ograniczenie ciasteczek mo\u017ce wp\u0142yn\u0105\u0107 na funkcjonalno\u015b\u0107 strony oraz jako\u015b\u0107 \u015bwiadczonych us\u0142ug.<br \/>\n7. Na naszej stronie wykorzystujemy r\u00f3\u017cne rodzaje ciasteczek, aby lepiej dostosowa\u0107 si\u0119 do potrzeb u\u017cytkownik\u00f3w i zapewni\u0107 optymalne korzystanie ze strony.<br \/>\n8. Ciasteczka techniczne: S\u0105 niezb\u0119dne do prawid\u0142owego funkcjonowania witryny. Umo\u017cliwiaj\u0105 utrzymanie sesji u\u017cytkownika, obs\u0142ug\u0119 formularzy, zapami\u0119tywanie preferencji oraz zapewnienie bezpiecze\u0144stwa strony.<br \/>\n9. Ciasteczka marketingowe: Pozwalaj\u0105 na personalizacj\u0119 reklam oraz prowadzenie dzia\u0142a\u0144 remarketingowych, kt\u00f3re s\u0105 dostosowane do zainteresowa\u0144 i preferencji u\u017cytkownik\u00f3w. S\u0142u\u017c\u0105 r\u00f3wnie\u017c do mierzenia skuteczno\u015bci kampanii reklamowych oraz optymalizacji tre\u015bci reklamowych.<br \/>\n10. Ciasteczka analityczne: S\u0105 wykorzystywane do zbierania informacji o sposobie korzystania z witryny przez u\u017cytkownik\u00f3w, takich jak liczba odwiedzin, strony odwiedzane, czas sp\u0119dzony na stronie czy \u017ar\u00f3d\u0142o ruchu. Uzyskane dane pomagaj\u0105 w analizie i optymalizacji strony, poprawiaj\u0105c jej funkcjonowanie i dostosowuj\u0105c tre\u015bci do potrzeb u\u017cytkownik\u00f3w.<\/p>\n<h2>\u00a78 Dlaczego korzystamy z ciasteczek?<\/h2>\n<p>1. Komfort korzystania ze strony: Ciasteczka (pliki cookies) mog\u0105 znacz\u0105co wp\u0142yn\u0105\u0107 na komfort korzystania ze strony internetowej.<br \/>\n2. Personalizacja tre\u015bci: Ciasteczka pozwalaj\u0105 na dostosowanie wy\u015bwietlanych tre\u015bci do preferencji i zainteresowa\u0144 u\u017cytkownika, co sprawia, \u017ce strona staje si\u0119 bardziej atrakcyjna i u\u017cyteczna.<br \/>\n3. Zapami\u0119tywanie ustawie\u0144: Dzi\u0119ki ciasteczkom strona mo\u017ce zapami\u0119ta\u0107 wybrane przez u\u017cytkownika ustawienia, takie jak j\u0119zyk, uk\u0142ad czy kolorystyka, co pozwala na szybsze i wygodniejsze korzystanie z serwisu.<br \/>\n4. Logowanie: Ciasteczka umo\u017cliwiaj\u0105 przechowywanie informacji o zalogowanym u\u017cytkowniku, co pozwala na \u0142atwe prze\u0142\u0105czanie si\u0119 mi\u0119dzy r\u00f3\u017cnymi sekcjami strony bez konieczno\u015bci ponownego logowania.<br \/>\n5. Utrzymanie sesji: Dzi\u0119ki ciasteczkom strona mo\u017ce \u015bledzi\u0107 aktywno\u015b\u0107 u\u017cytkownika na r\u00f3\u017cnych podstronach, co pozwala na \u0142atwe wracanie do ostatnio odwiedzanych sekcji lub kontynuowanie niedoko\u0144czonych dzia\u0142a\u0144, takich jak wype\u0142nianie formularzy.<br \/>\n6. Optymalizacja wydajno\u015bci: Ciasteczka mog\u0105 by\u0107 wykorzystane do analizy ruchu i zachowa\u0144 u\u017cytkownik\u00f3w na stronie, co pomaga w optymalizacji jej wydajno\u015bci oraz dostarczaniu tre\u015bci o wysokiej jako\u015bci.<br \/>\n7. Reklamy: Ciasteczka umo\u017cliwiaj\u0105 wy\u015bwietlanie spersonalizowanych reklam, kt\u00f3re s\u0105 dopasowane do zainteresowa\u0144 i potrzeb u\u017cytkownika. Dzi\u0119ki temu, reklamy s\u0105 mniej inwazyjne i bardziej adekwatne.<br \/>\n8. Integracja z mediami spo\u0142eczno\u015bciowymi: Ciasteczka pozwalaj\u0105 na integracj\u0119 z serwisami spo\u0142eczno\u015bciowymi, takimi jak Facebook, Twitter czy Instagram, co umo\u017cliwia \u0142atwe udost\u0119pnianie tre\u015bci oraz korzystanie z dodatkowych funkcji, takich jak komentowanie czy polubienia.<\/p>\n<h2>\u00a79 Funkcje ciasteczek technicznych<\/h2>\n<p>1. Utrzymanie sesji u\u017cytkownika: Ciasteczka techniczne umo\u017cliwiaj\u0105 utrzymanie sesji u\u017cytkownika podczas poruszania si\u0119 po stronie, co pozwala na przechodzenie mi\u0119dzy r\u00f3\u017cnymi sekcjami witryny bez konieczno\u015bci ponownego logowania czy wprowadzania tych samych informacji.<br \/>\n2. Zapami\u0119tywanie preferencji u\u017cytkownika: Dzi\u0119ki ciasteczkom technicznym strona mo\u017ce przechowywa\u0107 informacje na temat preferencji u\u017cytkownik\u00f3w, takie jak wybrany j\u0119zyk, wielko\u015b\u0107 czcionki, ustawienia kolorystyczne czy inne elementy personalizacji.<br \/>\n3. Obs\u0142uga formularzy: Ciasteczka techniczne wspomagaj\u0105 funkcjonowanie formularzy na stronie, takich jak formularze logowania, rejestracji czy kontaktowe, zapewniaj\u0105c prawid\u0142owe przetwarzanie danych wprowadzanych przez u\u017cytkownik\u00f3w.<br \/>\n4. Optymalizacja wydajno\u015bci strony: U\u017cycie ciasteczek technicznych umo\u017cliwia monitorowanie wydajno\u015bci strony oraz szybko\u015b\u0107 \u0142adowania poszczeg\u00f3lnych element\u00f3w, co pozwala na optymalizacj\u0119 i popraw\u0119 jako\u015bci \u015bwiadczonych us\u0142ug.<br \/>\n5. Bezpiecze\u0144stwo: Ciasteczka techniczne pomagaj\u0105 w zapewnieniu bezpiecze\u0144stwa witryny i jej u\u017cytkownik\u00f3w, na przyk\u0142ad poprzez weryfikacj\u0119 to\u017csamo\u015bci u\u017cytkownik\u00f3w, wykrywanie pr\u00f3b w\u0142ama\u0144 czy ochron\u0119 przed atakami typu CSRF (Cross-Site Request Forgery).<\/p>\n<h2>\u00a710 Funkcje ciasteczek analitycznych<\/h2>\n<p>1. Pomiar ruchu na stronie: Ciasteczka analityczne pozwalaj\u0105 na monitorowanie liczby odwiedzin, unikalnych u\u017cytkownik\u00f3w i wy\u015bwietle\u0144 stron, co daje og\u00f3lny obraz popularno\u015bci i wydajno\u015bci witryny.<br \/>\n2. Analiza zachowa\u0144 u\u017cytkownik\u00f3w: Dzi\u0119ki ciasteczkom analitycznym mo\u017cna zbiera\u0107 informacje o sposobie, w jaki u\u017cytkownicy poruszaj\u0105 si\u0119 po stronie, na przyk\u0142ad czas sp\u0119dzony na poszczeg\u00f3lnych podstronach, \u015bcie\u017cki nawigacji oraz miejsca, w kt\u00f3rych opuszczaj\u0105 witryn\u0119.<br \/>\n3. Optymalizacja konwersji: Ciasteczka analityczne pomagaj\u0105 w identyfikowaniu element\u00f3w strony, kt\u00f3re wp\u0142ywaj\u0105 na skuteczno\u015b\u0107 osi\u0105gania cel\u00f3w biznesowych, takich jak rejestracja, z\u0142o\u017cenie zam\u00f3wienia czy wype\u0142nienie formularza kontaktowego.<br \/>\n4. Segmentacja u\u017cytkownik\u00f3w: U\u017cycie ciasteczek analitycznych umo\u017cliwia grupowanie u\u017cytkownik\u00f3w wed\u0142ug r\u00f3\u017cnych kryteri\u00f3w co pozwala na lepsze dostosowanie tre\u015bci i oferty do potrzeb poszczeg\u00f3lnych segment\u00f3w.<br \/>\n5. Testowanie A\/B: Ciasteczka analityczne s\u0105 wykorzystywane do przeprowadzania test\u00f3w A\/B, kt\u00f3re polegaj\u0105 na por\u00f3wnaniu dw\u00f3ch wersji strony internetowej, aby sprawdzi\u0107, kt\u00f3ra z nich lepiej spe\u0142nia za\u0142o\u017cone cele. Testy te pomagaj\u0105 w optymalizacji wygl\u0105du, funkcjonalno\u015bci i tre\u015bci witryny.<\/p>\n<h2>\u00a711 Funkcje ciasteczek reklamowych<\/h2>\n<p>1. Spersonalizowane reklamy: Ciasteczka marketingowe umo\u017cliwiaj\u0105 wy\u015bwietlanie reklam dopasowanych do zainteresowa\u0144, preferencji i historii przegl\u0105dania u\u017cytkownika, co sprawia, \u017ce s\u0105 one bardziej atrakcyjne i efektywne.<br \/>\n2. Remarketing: Dzi\u0119ki ciasteczkom marketingowym mo\u017cna \u015bledzi\u0107 u\u017cytkownik\u00f3w, kt\u00f3rzy odwiedzili witryn\u0119, ale nie dokonali zakupu lub innej akcji, i ponownie kierowa\u0107 do nich reklamy, aby zach\u0119ci\u0107 do powrotu na stron\u0119 i finalizacji transakcji.<br \/>\n3. Pomiar skuteczno\u015bci reklam: Ciasteczka marketingowe pozwalaj\u0105 na monitorowanie wynik\u00f3w kampanii reklamowych, takich jak liczba klikni\u0119\u0107, konwersji czy wy\u015bwietle\u0144, co umo\u017cliwia optymalizacj\u0119 strategii marketingowej.<br \/>\n4. Zarz\u0105dzanie reklamami w wielu kana\u0142ach: U\u017cycie ciasteczek marketingowych u\u0142atwia koordynacj\u0119 i integracj\u0119 dzia\u0142a\u0144 reklamowych prowadzonych w r\u00f3\u017cnych kana\u0142ach, takich jak wyszukiwarki, media spo\u0142eczno\u015bciowe czy strony partnerskie.<br \/>\n5. Testowanie i optymalizacja tre\u015bci reklamowych: Ciasteczka marketingowe s\u0105 wykorzystywane do przeprowadzania test\u00f3w A\/B oraz innych metod analizy, kt\u00f3re pozwalaj\u0105 na ocen\u0119, jakie przekazy, formaty czy kreatywno\u015bci reklamowe s\u0105 najbardziej skuteczne i anga\u017cuj\u0105ce dla u\u017cytkownik\u00f3w.<\/p>\n<p>&nbsp;<\/p>\n\n\t\t<\/div>\n\t<\/div>\n<\/div><\/div><\/div><\/div>\n<\/div>","protected":false},"excerpt":{"rendered":"Niniejsza Polityka stanowi podstawow\u0105 informacj\u0119 o celach, sposobach przetwarzania oraz bezpiecze\u0144stwie Twoich danych osobowych, jako u\u017cytkownika strony: www.imagineagency.pl (zwanej dalej Stron\u0105). Zapoznaj\u0105c si\u0119 z Polityk\u0105 prywatno\u015bci dowiesz si\u0119 kto jest administratorem Twoich danych osobowych, jakie dane osobowe s\u0105 przez Stron\u0119 zbierane, w jakich celach s\u0105 wykorzystywane oraz jak s\u0105 chronione. \u00a71. Informacje podstawowe. 1. Administratorem [...]","protected":false},"author":1,"featured_media":0,"parent":0,"menu_order":0,"comment_status":"closed","ping_status":"closed","template":"","meta":{"footnotes":""},"yoast_head":"<!-- This site is optimized with the Yoast SEO plugin v23.5 - https:\/\/yoast.com\/wordpress\/plugins\/seo\/ -->\n<title>EKSPERCI: Doradztwo biznesowe | Szkolenia AI | Mentoring | Marketing<\/title>\n<meta name=\"robots\" content=\"index, follow, max-snippet:-1, max-image-preview:large, max-video-preview:-1\" \/>\n<link rel=\"canonical\" href=\"https:\/\/imagineagency.pl\/en\/polityka-prywatnosci\/\" \/>\n<meta property=\"og:locale\" content=\"en_GB\" \/>\n<meta property=\"og:type\" content=\"article\" \/>\n<meta property=\"og:title\" content=\"EKSPERCI: Doradztwo biznesowe | Szkolenia AI | Mentoring | Marketing\" \/>\n<meta property=\"og:url\" content=\"https:\/\/imagineagency.pl\/en\/polityka-prywatnosci\/\" \/>\n<meta property=\"og:site_name\" content=\"EKSPERCI: Doradztwo biznesowe | Szkolenia AI | Mentoring | Marketing\" \/>\n<meta property=\"article:modified_time\" content=\"2024-03-13T11:54:51+00:00\" \/>\n<meta name=\"twitter:card\" content=\"summary_large_image\" \/>\n<meta name=\"twitter:label1\" content=\"Estimated reading time\" \/>\n\t<meta name=\"twitter:data1\" content=\"11 minutes\" \/>\n<script type=\"application\/ld+json\" class=\"yoast-schema-graph\">{\"@context\":\"https:\/\/schema.org\",\"@graph\":[{\"@type\":\"WebPage\",\"@id\":\"https:\/\/imagineagency.pl\/polityka-prywatnosci\/\",\"url\":\"https:\/\/imagineagency.pl\/polityka-prywatnosci\/\",\"name\":\"EKSPERCI: Doradztwo biznesowe | Szkolenia AI | Mentoring | Marketing\",\"isPartOf\":{\"@id\":\"https:\/\/imagineagency.pl\/#website\"},\"datePublished\":\"2024-01-30T13:19:58+00:00\",\"dateModified\":\"2024-03-13T11:54:51+00:00\",\"breadcrumb\":{\"@id\":\"https:\/\/imagineagency.pl\/polityka-prywatnosci\/#breadcrumb\"},\"inLanguage\":\"en-GB\",\"potentialAction\":[{\"@type\":\"ReadAction\",\"target\":[\"https:\/\/imagineagency.pl\/polityka-prywatnosci\/\"]}]},{\"@type\":\"BreadcrumbList\",\"@id\":\"https:\/\/imagineagency.pl\/polityka-prywatnosci\/#breadcrumb\",\"itemListElement\":[{\"@type\":\"ListItem\",\"position\":1,\"name\":\"Strona g\u0142\u00f3wna\",\"item\":\"https:\/\/imagineagency.pl\/\"},{\"@type\":\"ListItem\",\"position\":2,\"name\":\"Polityka Prywatno\u015bci\"}]},{\"@type\":\"WebSite\",\"@id\":\"https:\/\/imagineagency.pl\/#website\",\"url\":\"https:\/\/imagineagency.pl\/\",\"name\":\"EKSPERCI: Doradztwo biznesowe | Szkolenia AI | Mentoring | Marketing\",\"description\":\"\",\"potentialAction\":[{\"@type\":\"SearchAction\",\"target\":{\"@type\":\"EntryPoint\",\"urlTemplate\":\"https:\/\/imagineagency.pl\/?s={search_term_string}\"},\"query-input\":{\"@type\":\"PropertyValueSpecification\",\"valueRequired\":true,\"valueName\":\"search_term_string\"}}],\"inLanguage\":\"en-GB\"}]}<\/script>\n<!-- \/ Yoast SEO plugin. -->","yoast_head_json":{"title":"EKSPERCI: Doradztwo biznesowe | Szkolenia AI | Mentoring | Marketing","robots":{"index":"index","follow":"follow","max-snippet":"max-snippet:-1","max-image-preview":"max-image-preview:large","max-video-preview":"max-video-preview:-1"},"canonical":"https:\/\/imagineagency.pl\/en\/polityka-prywatnosci\/","og_locale":"en_GB","og_type":"article","og_title":"EKSPERCI: Doradztwo biznesowe | Szkolenia AI | Mentoring | Marketing","og_url":"https:\/\/imagineagency.pl\/en\/polityka-prywatnosci\/","og_site_name":"EKSPERCI: Doradztwo biznesowe | Szkolenia AI | Mentoring | Marketing","article_modified_time":"2024-03-13T11:54:51+00:00","twitter_card":"summary_large_image","twitter_misc":{"Estimated reading time":"11 minutes"},"schema":{"@context":"https:\/\/schema.org","@graph":[{"@type":"WebPage","@id":"https:\/\/imagineagency.pl\/polityka-prywatnosci\/","url":"https:\/\/imagineagency.pl\/polityka-prywatnosci\/","name":"EKSPERCI: Doradztwo biznesowe | Szkolenia AI | Mentoring | Marketing","isPartOf":{"@id":"https:\/\/imagineagency.pl\/#website"},"datePublished":"2024-01-30T13:19:58+00:00","dateModified":"2024-03-13T11:54:51+00:00","breadcrumb":{"@id":"https:\/\/imagineagency.pl\/polityka-prywatnosci\/#breadcrumb"},"inLanguage":"en-GB","potentialAction":[{"@type":"ReadAction","target":["https:\/\/imagineagency.pl\/polityka-prywatnosci\/"]}]},{"@type":"BreadcrumbList","@id":"https:\/\/imagineagency.pl\/polityka-prywatnosci\/#breadcrumb","itemListElement":[{"@type":"ListItem","position":1,"name":"Strona g\u0142\u00f3wna","item":"https:\/\/imagineagency.pl\/"},{"@type":"ListItem","position":2,"name":"Polityka Prywatno\u015bci"}]},{"@type":"WebSite","@id":"https:\/\/imagineagency.pl\/#website","url":"https:\/\/imagineagency.pl\/","name":"EKSPERCI: Doradztwo biznesowe | Szkolenia AI | Mentoring | Marketing","description":"","potentialAction":[{"@type":"SearchAction","target":{"@type":"EntryPoint","urlTemplate":"https:\/\/imagineagency.pl\/?s={search_term_string}"},"query-input":{"@type":"PropertyValueSpecification","valueRequired":true,"valueName":"search_term_string"}}],"inLanguage":"en-GB"}]}},"_links":{"self":[{"href":"https:\/\/imagineagency.pl\/en\/wp-json\/wp\/v2\/pages\/3"}],"collection":[{"href":"https:\/\/imagineagency.pl\/en\/wp-json\/wp\/v2\/pages"}],"about":[{"href":"https:\/\/imagineagency.pl\/en\/wp-json\/wp\/v2\/types\/page"}],"author":[{"embeddable":true,"href":"https:\/\/imagineagency.pl\/en\/wp-json\/wp\/v2\/users\/1"}],"replies":[{"embeddable":true,"href":"https:\/\/imagineagency.pl\/en\/wp-json\/wp\/v2\/comments?post=3"}],"version-history":[{"count":4,"href":"https:\/\/imagineagency.pl\/en\/wp-json\/wp\/v2\/pages\/3\/revisions"}],"predecessor-version":[{"id":844,"href":"https:\/\/imagineagency.pl\/en\/wp-json\/wp\/v2\/pages\/3\/revisions\/844"}],"wp:attachment":[{"href":"https:\/\/imagineagency.pl\/en\/wp-json\/wp\/v2\/media?parent=3"}],"curies":[{"name":"wp","href":"https:\/\/api.w.org\/{rel}","templated":true}]}}