{"id":891,"date":"2024-05-07T10:30:02","date_gmt":"2024-05-07T10:30:02","guid":{"rendered":"https:\/\/imagineagency.pl\/?page_id=891"},"modified":"2024-05-08T13:32:22","modified_gmt":"2024-05-08T13:32:22","slug":"strategia-marketingowo-sprzedazowa","status":"publish","type":"page","link":"https:\/\/imagineagency.pl\/en\/strategia-marketingowo-sprzedazowa\/","title":{"rendered":"MARKETING AND SALES STRATEGY"},"content":{"rendered":"<div class=\"wpb-content-wrapper\"><div class=\"vc_row wpb_row vc_row-fluid vc_custom_1481988132317\"><div class=\"wpb_animate_when_almost_visible wpb_fadeInUp fadeInUp wpb_column vc_column_container vc_col-sm-12\"><div class=\"vc_column-inner\"><div class=\"wpb_wrapper\"><h4 style=\"text-align: left\" class=\"vc_custom_heading\" >MARKETING AND SALES STRATEGY<\/h4><div class=\"vc_empty_space\"   style=\"height: 5px\"><span class=\"vc_empty_space_inner\"><\/span><\/div>\n\t<div class=\"wpb_text_column wpb_content_element\" >\n\t\t<div class=\"wpb_wrapper\">\n\t\t\t<p>Marketing and sales strategy is a plan of action that combines effective marketing and sales elements to achieve maximum business efficiency. Our strategy integrates promotional means, identifies target groups and focuses on generating sales, providing a comprehensive approach to developing the brand and achieving business goals.<\/p>\n\n\t\t<\/div>\n\t<\/div>\n<div class=\"vc_empty_space\"   style=\"height: 60px\"><span class=\"vc_empty_space_inner\"><\/span><\/div><\/div><\/div><\/div><\/div><div class=\"vc_row wpb_row vc_row-fluid vc_custom_1712318015395\"><div class=\"wpb_animate_when_almost_visible wpb_fadeInUp fadeInUp wpb_column vc_column_container vc_col-sm-12\"><div class=\"vc_column-inner\"><div class=\"wpb_wrapper\"><div class=\"vc_row wpb_row vc_inner vc_row-fluid vc_custom_1462898611266\"><div class=\"wpb_column vc_column_container vc_col-sm-4\"><div class=\"vc_column-inner\"><div class=\"wpb_wrapper\"><div class=\"aio-icon-component    style_1\"><div id=\"Info-box-wrap-9497\" class=\"aio-icon-box left-icon\" style=\"\"  ><div class=\"aio-icon-left\"><div class=\"ult-just-icon-wrapper\"><div class=\"align-icon\" style=\"text-align:center;\">\n<div class=\"aio-icon none\"  style=\"color:#fcfcfc;font-size:30px;display:inline-block;\">\n\t<i class=\"Defaults-headphones\"><\/i>\n<\/div><\/div><\/div><\/div><div class=\"aio-ibd-block\"><div class=\"aio-icon-header\" ><h3 class=\"aio-icon-title ult-responsive\"  data-ultimate-target='#Info-box-wrap-9497 .aio-icon-title'  data-responsive-json-new='{\"font-size\":\"desktop:12px;\",\"line-height\":\"\"}'  style=\"font-family:&#039;Lato&#039;;font-weight:700;color:#fcfcfc;\">CUSTOMIZED APPROACH<\/h3><\/div> <!-- header --><div class=\"aio-icon-description ult-responsive\"  data-ultimate-target='#Info-box-wrap-9497 .aio-icon-description'  data-responsive-json-new='{\"font-size\":\"desktop:13px;\",\"line-height\":\"desktop:24px;\"}'  style=\"color:#868686;\">Tailored to you and your brand \/ project<\/div> <!-- description --><\/div> <!-- aio-ibd-block --><\/div> <!-- aio-icon-box --><\/div> <!-- aio-icon-component --><\/div><\/div><\/div><div class=\"wpb_column vc_column_container vc_col-sm-4\"><div class=\"vc_column-inner\"><div class=\"wpb_wrapper\"><div class=\"ult-spacer spacer-69e0f5f44d672\" data-id=\"69e0f5f44d672\" data-height=\"0\" data-height-mobile=\"40\" data-height-tab=\"\" data-height-tab-portrait=\"\" data-height-mobile-landscape=\"40\" style=\"clear:both;display:block;\"><\/div><div class=\"aio-icon-component    style_1\"><div id=\"Info-box-wrap-9002\" class=\"aio-icon-box left-icon\" style=\"\"  ><div class=\"aio-icon-left\"><div class=\"ult-just-icon-wrapper\"><div class=\"align-icon\" style=\"text-align:center;\">\n<div class=\"aio-icon none\"  style=\"color:#fcfcfc;font-size:30px;display:inline-block;\">\n\t<i class=\"Defaults-lock\"><\/i>\n<\/div><\/div><\/div><\/div><div class=\"aio-ibd-block\"><div class=\"aio-icon-header\" ><h3 class=\"aio-icon-title ult-responsive\"  data-ultimate-target='#Info-box-wrap-9002 .aio-icon-title'  data-responsive-json-new='{\"font-size\":\"desktop:12px;\",\"line-height\":\"\"}'  style=\"font-family:&#039;Lato&#039;;font-weight:700;color:#fcfcfc;\">DETAILED ANALYSIS<\/h3><\/div> <!-- header --><div class=\"aio-icon-description ult-responsive\"  data-ultimate-target='#Info-box-wrap-9002 .aio-icon-description'  data-responsive-json-new='{\"font-size\":\"desktop:13px;\",\"line-height\":\"desktop:24px;\"}'  style=\"color:#868686;\">For a complete understanding of your project, its goals and market situation<\/div> <!-- description --><\/div> <!-- aio-ibd-block --><\/div> <!-- aio-icon-box --><\/div> <!-- aio-icon-component --><\/div><\/div><\/div><div class=\"wpb_column vc_column_container vc_col-sm-4\"><div class=\"vc_column-inner\"><div class=\"wpb_wrapper\"><div class=\"ult-spacer spacer-69e0f5f44d9b4\" data-id=\"69e0f5f44d9b4\" data-height=\"0\" data-height-mobile=\"40\" data-height-tab=\"\" data-height-tab-portrait=\"\" data-height-mobile-landscape=\"40\" style=\"clear:both;display:block;\"><\/div><div class=\"aio-icon-component    style_1\"><div id=\"Info-box-wrap-4706\" class=\"aio-icon-box left-icon\" style=\"\"  ><div class=\"aio-icon-left\"><div class=\"ult-just-icon-wrapper\"><div class=\"align-icon\" style=\"text-align:center;\">\n<div class=\"aio-icon none\"  style=\"color:#fcfcfc;font-size:30px;display:inline-block;\">\n\t<i class=\"linearicons-reading\"><\/i>\n<\/div><\/div><\/div><\/div><div class=\"aio-ibd-block\"><div class=\"aio-icon-header\" ><h3 class=\"aio-icon-title ult-responsive\"  data-ultimate-target='#Info-box-wrap-4706 .aio-icon-title'  data-responsive-json-new='{\"font-size\":\"desktop:12px;\",\"line-height\":\"\"}'  style=\"font-family:&#039;Lato&#039;;font-weight:700;color:#fcfcfc;\">STRATEGIC PLANNING<\/h3><\/div> <!-- header --><div class=\"aio-icon-description ult-responsive\"  data-ultimate-target='#Info-box-wrap-4706 .aio-icon-description'  data-responsive-json-new='{\"font-size\":\"desktop:13px;\",\"line-height\":\"desktop:24px;\"}'  style=\"color:#868686;\">To effectively transform your vision into business success<\/div> <!-- description --><\/div> <!-- aio-ibd-block --><\/div> <!-- aio-icon-box --><\/div> <!-- aio-icon-component --><\/div><\/div><\/div><\/div><div class=\"vc_row wpb_row vc_inner vc_row-fluid vc_custom_1462898639648\"><div class=\"wpb_column vc_column_container vc_col-sm-4\"><div class=\"vc_column-inner\"><div class=\"wpb_wrapper\"><div class=\"aio-icon-component    style_1\"><div id=\"Info-box-wrap-5192\" class=\"aio-icon-box left-icon\" style=\"\"  ><div class=\"aio-icon-left\"><div class=\"ult-just-icon-wrapper\"><div class=\"align-icon\" style=\"text-align:center;\">\n<div class=\"aio-icon none\"  style=\"color:#fcfcfc;font-size:30px;display:inline-block;\">\n\t<i class=\"Defaults-bell-o\"><\/i>\n<\/div><\/div><\/div><\/div><div class=\"aio-ibd-block\"><div class=\"aio-icon-header\" ><h3 class=\"aio-icon-title ult-responsive\"  data-ultimate-target='#Info-box-wrap-5192 .aio-icon-title'  data-responsive-json-new='{\"font-size\":\"desktop:12px;\",\"line-height\":\"\"}'  style=\"font-family:&#039;Lato&#039;;font-weight:700;color:#fcfcfc;\">CREATIVE SOLUTIONS<\/h3><\/div> <!-- header --><div class=\"aio-icon-description ult-responsive\"  data-ultimate-target='#Info-box-wrap-5192 .aio-icon-description'  data-responsive-json-new='{\"font-size\":\"desktop:13px;\",\"line-height\":\"desktop:24px;\"}'  style=\"color:#868686;\">Ideas that develop your brand and differentiate you in the marketplace<\/div> <!-- description --><\/div> <!-- aio-ibd-block --><\/div> <!-- aio-icon-box --><\/div> <!-- aio-icon-component --><\/div><\/div><\/div><div class=\"wpb_column vc_column_container vc_col-sm-4\"><div class=\"vc_column-inner\"><div class=\"wpb_wrapper\"><div class=\"ult-spacer spacer-69e0f5f44e3f4\" data-id=\"69e0f5f44e3f4\" data-height=\"0\" data-height-mobile=\"40\" data-height-tab=\"\" data-height-tab-portrait=\"\" data-height-mobile-landscape=\"40\" style=\"clear:both;display:block;\"><\/div><div class=\"aio-icon-component    style_1\"><div id=\"Info-box-wrap-3833\" class=\"aio-icon-box left-icon\" style=\"\"  ><div class=\"aio-icon-left\"><div class=\"ult-just-icon-wrapper\"><div class=\"align-icon\" style=\"text-align:center;\">\n<div class=\"aio-icon none\"  style=\"color:#fcfcfc;font-size:30px;display:inline-block;\">\n\t<i class=\"Defaults-wrench\"><\/i>\n<\/div><\/div><\/div><\/div><div class=\"aio-ibd-block\"><div class=\"aio-icon-header\" ><h3 class=\"aio-icon-title ult-responsive\"  data-ultimate-target='#Info-box-wrap-3833 .aio-icon-title'  data-responsive-json-new='{\"font-size\":\"desktop:12px;\",\"line-height\":\"\"}'  style=\"font-family:&#039;Lato&#039;;font-weight:700;color:#fcfcfc;\">INNOVATIVE TOOLS<\/h3><\/div> <!-- header --><div class=\"aio-icon-description ult-responsive\"  data-ultimate-target='#Info-box-wrap-3833 .aio-icon-description'  data-responsive-json-new='{\"font-size\":\"desktop:13px;\",\"line-height\":\"desktop:24px;\"}'  style=\"color:#868686;\">Cutting-edge solutions to grow your business<\/div> <!-- description --><\/div> <!-- aio-ibd-block --><\/div> <!-- aio-icon-box --><\/div> <!-- aio-icon-component --><\/div><\/div><\/div><div class=\"wpb_column vc_column_container vc_col-sm-4\"><div class=\"vc_column-inner\"><div class=\"wpb_wrapper\"><div class=\"ult-spacer spacer-69e0f5f44e7ae\" data-id=\"69e0f5f44e7ae\" data-height=\"0\" data-height-mobile=\"40\" data-height-tab=\"\" data-height-tab-portrait=\"\" data-height-mobile-landscape=\"40\" style=\"clear:both;display:block;\"><\/div><div class=\"aio-icon-component    style_1\"><div id=\"Info-box-wrap-4957\" class=\"aio-icon-box left-icon\" style=\"\"  ><div class=\"aio-icon-left\"><div class=\"ult-just-icon-wrapper\"><div class=\"align-icon\" style=\"text-align:center;\">\n<div class=\"aio-icon none\"  style=\"color:#fcfcfc;font-size:30px;display:inline-block;\">\n\t<i class=\"Defaults-star-o\"><\/i>\n<\/div><\/div><\/div><\/div><div class=\"aio-ibd-block\"><div class=\"aio-icon-header\" ><h3 class=\"aio-icon-title ult-responsive\"  data-ultimate-target='#Info-box-wrap-4957 .aio-icon-title'  data-responsive-json-new='{\"font-size\":\"desktop:12px;\",\"line-height\":\"\"}'  style=\"font-family:&#039;Lato&#039;;font-weight:700;color:#fcfcfc;\">OPTIMIZATION OF OPERATIONS<\/h3><\/div> <!-- header --><div class=\"aio-icon-description ult-responsive\"  data-ultimate-target='#Info-box-wrap-4957 .aio-icon-description'  data-responsive-json-new='{\"font-size\":\"desktop:13px;\",\"line-height\":\"desktop:24px;\"}'  style=\"color:#868686;\">Highest efficiency and fast way to your success on the market<\/div> <!-- description --><\/div> <!-- aio-ibd-block --><\/div> <!-- aio-icon-box --><\/div> <!-- aio-icon-component --><\/div><\/div><\/div><\/div><\/div><\/div><\/div><\/div><!-- Row Backgrounds --><div class=\"upb_color\" data-bg-override=\"ex-full\" data-bg-color=\"#03071e\" data-fadeout=\"\" data-fadeout-percentage=\"30\" data-parallax-content=\"\" data-parallax-content-sense=\"30\" data-row-effect-mobile-disable=\"true\" data-img-parallax-mobile-disable=\"true\" data-rtl=\"false\"  data-custom-vc-row=\"\"  data-vc=\"7.2\"  data-is_old_vc=\"\"  data-theme-support=\"\"   data-overlay=\"false\" data-overlay-color=\"\" data-overlay-pattern=\"\" data-overlay-pattern-opacity=\"\" data-overlay-pattern-size=\"\"    ><\/div>\n<\/div>","protected":false},"excerpt":{"rendered":"STRATEGIA MARKETINGOWO-SPRZEDA\u017bOWA Strategia marketingowo-sprzeda\u017cowa to plan dzia\u0142a\u0144 \u0142\u0105cz\u0105cy skuteczne elementy marketingowe i sprzeda\u017cowe w celu osi\u0105gni\u0119cia maksymalnej efektywno\u015bci biznesowej. Nasza strategia integruje \u015brodki promocyjne, identyfikuje grupy docelowe i koncentruje si\u0119 na generowaniu sprzeda\u017cy, zapewniaj\u0105c kompleksowe podej\u015bcie do rozwijania marki i osi\u0105gania cel\u00f3w biznesowych. INDYWIDUALNE PODEJ\u015aCIE Dostosowane do Ciebie i Twojej marki \/ projektu SZCZEG\u00d3\u0141OWA ANALIZA [...]","protected":false},"author":1,"featured_media":0,"parent":0,"menu_order":0,"comment_status":"closed","ping_status":"closed","template":"page.php","meta":{"footnotes":""},"yoast_head":"<!-- This site is optimized with the Yoast SEO plugin v23.5 - https:\/\/yoast.com\/wordpress\/plugins\/seo\/ -->\n<title>EKSPERCI: Doradztwo biznesowe | Szkolenia AI | Mentoring | Marketing<\/title>\n<meta name=\"robots\" content=\"index, follow, max-snippet:-1, max-image-preview:large, max-video-preview:-1\" \/>\n<link rel=\"canonical\" href=\"https:\/\/imagineagency.pl\/en\/strategia-marketingowo-sprzedazowa\/\" \/>\n<meta property=\"og:locale\" content=\"en_GB\" \/>\n<meta property=\"og:type\" content=\"article\" \/>\n<meta property=\"og:title\" content=\"EKSPERCI: Doradztwo biznesowe | Szkolenia AI | Mentoring | Marketing\" \/>\n<meta property=\"og:url\" content=\"https:\/\/imagineagency.pl\/en\/strategia-marketingowo-sprzedazowa\/\" \/>\n<meta property=\"og:site_name\" content=\"EKSPERCI: Doradztwo biznesowe | Szkolenia AI | Mentoring | Marketing\" \/>\n<meta property=\"article:modified_time\" content=\"2024-05-08T13:32:22+00:00\" \/>\n<meta name=\"twitter:card\" content=\"summary_large_image\" \/>\n<meta name=\"twitter:label1\" content=\"Estimated reading time\" \/>\n\t<meta name=\"twitter:data1\" content=\"3 minutes\" \/>\n<script type=\"application\/ld+json\" class=\"yoast-schema-graph\">{\"@context\":\"https:\/\/schema.org\",\"@graph\":[{\"@type\":\"WebPage\",\"@id\":\"https:\/\/imagineagency.pl\/strategia-marketingowo-sprzedazowa\/\",\"url\":\"https:\/\/imagineagency.pl\/strategia-marketingowo-sprzedazowa\/\",\"name\":\"EKSPERCI: Doradztwo biznesowe | Szkolenia AI | Mentoring | Marketing\",\"isPartOf\":{\"@id\":\"https:\/\/imagineagency.pl\/#website\"},\"datePublished\":\"2024-05-07T10:30:02+00:00\",\"dateModified\":\"2024-05-08T13:32:22+00:00\",\"breadcrumb\":{\"@id\":\"https:\/\/imagineagency.pl\/strategia-marketingowo-sprzedazowa\/#breadcrumb\"},\"inLanguage\":\"en-GB\",\"potentialAction\":[{\"@type\":\"ReadAction\",\"target\":[\"https:\/\/imagineagency.pl\/strategia-marketingowo-sprzedazowa\/\"]}]},{\"@type\":\"BreadcrumbList\",\"@id\":\"https:\/\/imagineagency.pl\/strategia-marketingowo-sprzedazowa\/#breadcrumb\",\"itemListElement\":[{\"@type\":\"ListItem\",\"position\":1,\"name\":\"Strona g\u0142\u00f3wna\",\"item\":\"https:\/\/imagineagency.pl\/\"},{\"@type\":\"ListItem\",\"position\":2,\"name\":\"Strategia Marketingowo-Sprzeda\u017cowa\"}]},{\"@type\":\"WebSite\",\"@id\":\"https:\/\/imagineagency.pl\/#website\",\"url\":\"https:\/\/imagineagency.pl\/\",\"name\":\"EKSPERCI: Doradztwo biznesowe | Szkolenia AI | Mentoring | Marketing\",\"description\":\"\",\"potentialAction\":[{\"@type\":\"SearchAction\",\"target\":{\"@type\":\"EntryPoint\",\"urlTemplate\":\"https:\/\/imagineagency.pl\/?s={search_term_string}\"},\"query-input\":{\"@type\":\"PropertyValueSpecification\",\"valueRequired\":true,\"valueName\":\"search_term_string\"}}],\"inLanguage\":\"en-GB\"}]}<\/script>\n<!-- \/ Yoast SEO plugin. -->","yoast_head_json":{"title":"EKSPERCI: Doradztwo biznesowe | Szkolenia AI | Mentoring | Marketing","robots":{"index":"index","follow":"follow","max-snippet":"max-snippet:-1","max-image-preview":"max-image-preview:large","max-video-preview":"max-video-preview:-1"},"canonical":"https:\/\/imagineagency.pl\/en\/strategia-marketingowo-sprzedazowa\/","og_locale":"en_GB","og_type":"article","og_title":"EKSPERCI: Doradztwo biznesowe | Szkolenia AI | Mentoring | Marketing","og_url":"https:\/\/imagineagency.pl\/en\/strategia-marketingowo-sprzedazowa\/","og_site_name":"EKSPERCI: Doradztwo biznesowe | Szkolenia AI | Mentoring | Marketing","article_modified_time":"2024-05-08T13:32:22+00:00","twitter_card":"summary_large_image","twitter_misc":{"Estimated reading time":"3 minutes"},"schema":{"@context":"https:\/\/schema.org","@graph":[{"@type":"WebPage","@id":"https:\/\/imagineagency.pl\/strategia-marketingowo-sprzedazowa\/","url":"https:\/\/imagineagency.pl\/strategia-marketingowo-sprzedazowa\/","name":"EKSPERCI: Doradztwo biznesowe | Szkolenia AI | Mentoring | Marketing","isPartOf":{"@id":"https:\/\/imagineagency.pl\/#website"},"datePublished":"2024-05-07T10:30:02+00:00","dateModified":"2024-05-08T13:32:22+00:00","breadcrumb":{"@id":"https:\/\/imagineagency.pl\/strategia-marketingowo-sprzedazowa\/#breadcrumb"},"inLanguage":"en-GB","potentialAction":[{"@type":"ReadAction","target":["https:\/\/imagineagency.pl\/strategia-marketingowo-sprzedazowa\/"]}]},{"@type":"BreadcrumbList","@id":"https:\/\/imagineagency.pl\/strategia-marketingowo-sprzedazowa\/#breadcrumb","itemListElement":[{"@type":"ListItem","position":1,"name":"Strona g\u0142\u00f3wna","item":"https:\/\/imagineagency.pl\/"},{"@type":"ListItem","position":2,"name":"Strategia Marketingowo-Sprzeda\u017cowa"}]},{"@type":"WebSite","@id":"https:\/\/imagineagency.pl\/#website","url":"https:\/\/imagineagency.pl\/","name":"EKSPERCI: Doradztwo biznesowe | Szkolenia AI | Mentoring | Marketing","description":"","potentialAction":[{"@type":"SearchAction","target":{"@type":"EntryPoint","urlTemplate":"https:\/\/imagineagency.pl\/?s={search_term_string}"},"query-input":{"@type":"PropertyValueSpecification","valueRequired":true,"valueName":"search_term_string"}}],"inLanguage":"en-GB"}]}},"_links":{"self":[{"href":"https:\/\/imagineagency.pl\/en\/wp-json\/wp\/v2\/pages\/891"}],"collection":[{"href":"https:\/\/imagineagency.pl\/en\/wp-json\/wp\/v2\/pages"}],"about":[{"href":"https:\/\/imagineagency.pl\/en\/wp-json\/wp\/v2\/types\/page"}],"author":[{"embeddable":true,"href":"https:\/\/imagineagency.pl\/en\/wp-json\/wp\/v2\/users\/1"}],"replies":[{"embeddable":true,"href":"https:\/\/imagineagency.pl\/en\/wp-json\/wp\/v2\/comments?post=891"}],"version-history":[{"count":3,"href":"https:\/\/imagineagency.pl\/en\/wp-json\/wp\/v2\/pages\/891\/revisions"}],"predecessor-version":[{"id":905,"href":"https:\/\/imagineagency.pl\/en\/wp-json\/wp\/v2\/pages\/891\/revisions\/905"}],"wp:attachment":[{"href":"https:\/\/imagineagency.pl\/en\/wp-json\/wp\/v2\/media?parent=891"}],"curies":[{"name":"wp","href":"https:\/\/api.w.org\/{rel}","templated":true}]}}