{"id":920,"date":"2024-05-08T13:26:15","date_gmt":"2024-05-08T13:26:15","guid":{"rendered":"https:\/\/imagineagency.pl\/?page_id=920"},"modified":"2024-05-09T08:33:10","modified_gmt":"2024-05-09T08:33:10","slug":"analityka-i-automatyzacja-marketingu","status":"publish","type":"page","link":"https:\/\/imagineagency.pl\/en\/analityka-i-automatyzacja-marketingu\/","title":{"rendered":"MARKETING ANALYTICS AND AUTOMATION"},"content":{"rendered":"<div class=\"wpb-content-wrapper\"><div class=\"vc_row wpb_row vc_row-fluid vc_custom_1481988132317\"><div class=\"wpb_animate_when_almost_visible wpb_fadeInUp fadeInUp wpb_column vc_column_container vc_col-sm-12\"><div class=\"vc_column-inner\"><div class=\"wpb_wrapper\"><h4 style=\"text-align: left\" class=\"vc_custom_heading\" >MARKETING ANALYTICS AND AUTOMATION<\/h4><div class=\"vc_empty_space\"   style=\"height: 5px\"><span class=\"vc_empty_space_inner\"><\/span><\/div>\n\t<div class=\"wpb_text_column wpb_content_element\" >\n\t\t<div class=\"wpb_wrapper\">\n\t\t\t<p>Marketing analytics and automation are essential tools that enable companies to accurately monitor and understand the effectiveness of campaigns. Our analytics solutions provide valuable data, while marketing automation helps optimize processes, reducing costs, saving time and increasing efficiency. As a result, we offer clients comprehensive solutions to support informed decision-making and achieve strategic business goals.<\/p>\n\n\t\t<\/div>\n\t<\/div>\n<div class=\"vc_empty_space\"   style=\"height: 60px\"><span class=\"vc_empty_space_inner\"><\/span><\/div><\/div><\/div><\/div><\/div><div class=\"vc_row wpb_row vc_row-fluid vc_custom_1712318015395\"><div class=\"wpb_animate_when_almost_visible wpb_fadeInUp fadeInUp wpb_column vc_column_container vc_col-sm-12\"><div class=\"vc_column-inner\"><div class=\"wpb_wrapper\"><div class=\"vc_row wpb_row vc_inner vc_row-fluid vc_custom_1462898611266\"><div class=\"wpb_column vc_column_container vc_col-sm-4\"><div class=\"vc_column-inner\"><div class=\"wpb_wrapper\"><div class=\"aio-icon-component    style_1\"><div id=\"Info-box-wrap-1245\" class=\"aio-icon-box left-icon\" style=\"\"  ><div class=\"aio-icon-left\"><div class=\"ult-just-icon-wrapper\"><div class=\"align-icon\" style=\"text-align:center;\">\n<div class=\"aio-icon none\"  style=\"color:#fcfcfc;font-size:30px;display:inline-block;\">\n\t<i class=\"Defaults-headphones\"><\/i>\n<\/div><\/div><\/div><\/div><div class=\"aio-ibd-block\"><div class=\"aio-icon-header\" ><h3 class=\"aio-icon-title ult-responsive\"  data-ultimate-target='#Info-box-wrap-1245 .aio-icon-title'  data-responsive-json-new='{\"font-size\":\"desktop:12px;\",\"line-height\":\"\"}'  style=\"font-family:&#039;Lato&#039;;font-weight:700;color:#fcfcfc;\">CUSTOMIZED APPROACH<\/h3><\/div> <!-- header --><div class=\"aio-icon-description ult-responsive\"  data-ultimate-target='#Info-box-wrap-1245 .aio-icon-description'  data-responsive-json-new='{\"font-size\":\"desktop:13px;\",\"line-height\":\"desktop:24px;\"}'  style=\"color:#868686;\">Tailored to you and your brand \/ project<\/div> <!-- description --><\/div> <!-- aio-ibd-block --><\/div> <!-- aio-icon-box --><\/div> <!-- aio-icon-component --><\/div><\/div><\/div><div class=\"wpb_column vc_column_container vc_col-sm-4\"><div class=\"vc_column-inner\"><div class=\"wpb_wrapper\"><div class=\"ult-spacer spacer-69e0f8c142abf\" data-id=\"69e0f8c142abf\" data-height=\"0\" data-height-mobile=\"40\" data-height-tab=\"\" data-height-tab-portrait=\"\" data-height-mobile-landscape=\"40\" style=\"clear:both;display:block;\"><\/div><div class=\"aio-icon-component    style_1\"><div id=\"Info-box-wrap-3966\" class=\"aio-icon-box left-icon\" style=\"\"  ><div class=\"aio-icon-left\"><div class=\"ult-just-icon-wrapper\"><div class=\"align-icon\" style=\"text-align:center;\">\n<div class=\"aio-icon none\"  style=\"color:#fcfcfc;font-size:30px;display:inline-block;\">\n\t<i class=\"Defaults-lock\"><\/i>\n<\/div><\/div><\/div><\/div><div class=\"aio-ibd-block\"><div class=\"aio-icon-header\" ><h3 class=\"aio-icon-title ult-responsive\"  data-ultimate-target='#Info-box-wrap-3966 .aio-icon-title'  data-responsive-json-new='{\"font-size\":\"desktop:12px;\",\"line-height\":\"\"}'  style=\"font-family:&#039;Lato&#039;;font-weight:700;color:#fcfcfc;\">DETAILED ANALYSIS<\/h3><\/div> <!-- header --><div class=\"aio-icon-description ult-responsive\"  data-ultimate-target='#Info-box-wrap-3966 .aio-icon-description'  data-responsive-json-new='{\"font-size\":\"desktop:13px;\",\"line-height\":\"desktop:24px;\"}'  style=\"color:#868686;\">For a complete understanding of your project, its goals and market situation<\/div> <!-- description --><\/div> <!-- aio-ibd-block --><\/div> <!-- aio-icon-box --><\/div> <!-- aio-icon-component --><\/div><\/div><\/div><div class=\"wpb_column vc_column_container vc_col-sm-4\"><div class=\"vc_column-inner\"><div class=\"wpb_wrapper\"><div class=\"ult-spacer spacer-69e0f8c142ddb\" data-id=\"69e0f8c142ddb\" data-height=\"0\" data-height-mobile=\"40\" data-height-tab=\"\" data-height-tab-portrait=\"\" data-height-mobile-landscape=\"40\" style=\"clear:both;display:block;\"><\/div><div class=\"aio-icon-component    style_1\"><div id=\"Info-box-wrap-1505\" class=\"aio-icon-box left-icon\" style=\"\"  ><div class=\"aio-icon-left\"><div class=\"ult-just-icon-wrapper\"><div class=\"align-icon\" style=\"text-align:center;\">\n<div class=\"aio-icon none\"  style=\"color:#fcfcfc;font-size:30px;display:inline-block;\">\n\t<i class=\"linearicons-reading\"><\/i>\n<\/div><\/div><\/div><\/div><div class=\"aio-ibd-block\"><div class=\"aio-icon-header\" ><h3 class=\"aio-icon-title ult-responsive\"  data-ultimate-target='#Info-box-wrap-1505 .aio-icon-title'  data-responsive-json-new='{\"font-size\":\"desktop:12px;\",\"line-height\":\"\"}'  style=\"font-family:&#039;Lato&#039;;font-weight:700;color:#fcfcfc;\">STRATEGIC PLANNING<\/h3><\/div> <!-- header --><div class=\"aio-icon-description ult-responsive\"  data-ultimate-target='#Info-box-wrap-1505 .aio-icon-description'  data-responsive-json-new='{\"font-size\":\"desktop:13px;\",\"line-height\":\"desktop:24px;\"}'  style=\"color:#868686;\">To effectively transform your vision into business success<\/div> <!-- description --><\/div> <!-- aio-ibd-block --><\/div> <!-- aio-icon-box --><\/div> <!-- aio-icon-component --><\/div><\/div><\/div><\/div><div class=\"vc_row wpb_row vc_inner vc_row-fluid vc_custom_1462898639648\"><div class=\"wpb_column vc_column_container vc_col-sm-4\"><div class=\"vc_column-inner\"><div class=\"wpb_wrapper\"><div class=\"aio-icon-component    style_1\"><div id=\"Info-box-wrap-1870\" class=\"aio-icon-box left-icon\" style=\"\"  ><div class=\"aio-icon-left\"><div class=\"ult-just-icon-wrapper\"><div class=\"align-icon\" style=\"text-align:center;\">\n<div class=\"aio-icon none\"  style=\"color:#fcfcfc;font-size:30px;display:inline-block;\">\n\t<i class=\"Defaults-bell-o\"><\/i>\n<\/div><\/div><\/div><\/div><div class=\"aio-ibd-block\"><div class=\"aio-icon-header\" ><h3 class=\"aio-icon-title ult-responsive\"  data-ultimate-target='#Info-box-wrap-1870 .aio-icon-title'  data-responsive-json-new='{\"font-size\":\"desktop:12px;\",\"line-height\":\"\"}'  style=\"font-family:&#039;Lato&#039;;font-weight:700;color:#fcfcfc;\">CREATIVE SOLUTIONS<\/h3><\/div> <!-- header --><div class=\"aio-icon-description ult-responsive\"  data-ultimate-target='#Info-box-wrap-1870 .aio-icon-description'  data-responsive-json-new='{\"font-size\":\"desktop:13px;\",\"line-height\":\"desktop:24px;\"}'  style=\"color:#868686;\">Ideas that develop your brand and differentiate you in the marketplace<\/div> <!-- description --><\/div> <!-- aio-ibd-block --><\/div> <!-- aio-icon-box --><\/div> <!-- aio-icon-component --><\/div><\/div><\/div><div class=\"wpb_column vc_column_container vc_col-sm-4\"><div class=\"vc_column-inner\"><div class=\"wpb_wrapper\"><div class=\"ult-spacer spacer-69e0f8c143636\" data-id=\"69e0f8c143636\" data-height=\"0\" data-height-mobile=\"40\" data-height-tab=\"\" data-height-tab-portrait=\"\" data-height-mobile-landscape=\"40\" style=\"clear:both;display:block;\"><\/div><div class=\"aio-icon-component    style_1\"><div id=\"Info-box-wrap-9362\" class=\"aio-icon-box left-icon\" style=\"\"  ><div class=\"aio-icon-left\"><div class=\"ult-just-icon-wrapper\"><div class=\"align-icon\" style=\"text-align:center;\">\n<div class=\"aio-icon none\"  style=\"color:#fcfcfc;font-size:30px;display:inline-block;\">\n\t<i class=\"Defaults-wrench\"><\/i>\n<\/div><\/div><\/div><\/div><div class=\"aio-ibd-block\"><div class=\"aio-icon-header\" ><h3 class=\"aio-icon-title ult-responsive\"  data-ultimate-target='#Info-box-wrap-9362 .aio-icon-title'  data-responsive-json-new='{\"font-size\":\"desktop:12px;\",\"line-height\":\"\"}'  style=\"font-family:&#039;Lato&#039;;font-weight:700;color:#fcfcfc;\">INNOVATIVE TOOLS<\/h3><\/div> <!-- header --><div class=\"aio-icon-description ult-responsive\"  data-ultimate-target='#Info-box-wrap-9362 .aio-icon-description'  data-responsive-json-new='{\"font-size\":\"desktop:13px;\",\"line-height\":\"desktop:24px;\"}'  style=\"color:#868686;\">Cutting-edge solutions to grow your business<\/div> <!-- description --><\/div> <!-- aio-ibd-block --><\/div> <!-- aio-icon-box --><\/div> <!-- aio-icon-component --><\/div><\/div><\/div><div class=\"wpb_column vc_column_container vc_col-sm-4\"><div class=\"vc_column-inner\"><div class=\"wpb_wrapper\"><div class=\"ult-spacer spacer-69e0f8c143933\" data-id=\"69e0f8c143933\" data-height=\"0\" data-height-mobile=\"40\" data-height-tab=\"\" data-height-tab-portrait=\"\" data-height-mobile-landscape=\"40\" style=\"clear:both;display:block;\"><\/div><div class=\"aio-icon-component    style_1\"><div id=\"Info-box-wrap-1938\" class=\"aio-icon-box left-icon\" style=\"\"  ><div class=\"aio-icon-left\"><div class=\"ult-just-icon-wrapper\"><div class=\"align-icon\" style=\"text-align:center;\">\n<div class=\"aio-icon none\"  style=\"color:#fcfcfc;font-size:30px;display:inline-block;\">\n\t<i class=\"Defaults-star-o\"><\/i>\n<\/div><\/div><\/div><\/div><div class=\"aio-ibd-block\"><div class=\"aio-icon-header\" ><h3 class=\"aio-icon-title ult-responsive\"  data-ultimate-target='#Info-box-wrap-1938 .aio-icon-title'  data-responsive-json-new='{\"font-size\":\"desktop:12px;\",\"line-height\":\"\"}'  style=\"font-family:&#039;Lato&#039;;font-weight:700;color:#fcfcfc;\">OPTIMIZATION OF OPERATIONS<\/h3><\/div> <!-- header --><div class=\"aio-icon-description ult-responsive\"  data-ultimate-target='#Info-box-wrap-1938 .aio-icon-description'  data-responsive-json-new='{\"font-size\":\"desktop:13px;\",\"line-height\":\"desktop:24px;\"}'  style=\"color:#868686;\">Highest efficiency and fast way to your success on the market<\/div> <!-- description --><\/div> <!-- aio-ibd-block --><\/div> <!-- aio-icon-box --><\/div> <!-- aio-icon-component --><\/div><\/div><\/div><\/div><\/div><\/div><\/div><\/div><!-- Row Backgrounds --><div class=\"upb_color\" data-bg-override=\"ex-full\" data-bg-color=\"#03071e\" data-fadeout=\"\" data-fadeout-percentage=\"30\" data-parallax-content=\"\" data-parallax-content-sense=\"30\" data-row-effect-mobile-disable=\"true\" data-img-parallax-mobile-disable=\"true\" data-rtl=\"false\"  data-custom-vc-row=\"\"  data-vc=\"7.2\"  data-is_old_vc=\"\"  data-theme-support=\"\"   data-overlay=\"false\" data-overlay-color=\"\" data-overlay-pattern=\"\" data-overlay-pattern-opacity=\"\" data-overlay-pattern-size=\"\"    ><\/div>\n<\/div>","protected":false},"excerpt":{"rendered":"ANALITYKA I AUTOMATYZACJA MARKETINGU Analityka i automatyzacja marketingu to niezb\u0119dne narz\u0119dzia, umo\u017cliwiaj\u0105ce firmom precyzyjne monitorowanie i zrozumienie skuteczno\u015bci kampanii. Nasze rozwi\u0105zania analityczne dostarczaj\u0105 cennych danych, a automatyzacja marketingu pomaga zoptymalizowa\u0107 procesy, zmniejszaj\u0105c koszty, oszcz\u0119dzaj\u0105c czas i zwi\u0119kszaj\u0105c efektywno\u015b\u0107 dzia\u0142a\u0144. Dzi\u0119ki temu oferujemy klientom kompleksowe rozwi\u0105zania, wspieraj\u0105ce podejmowanie informowanych decyzji i osi\u0105ganie strategicznych cel\u00f3w biznesowych. INDYWIDUALNE [...]","protected":false},"author":1,"featured_media":0,"parent":0,"menu_order":0,"comment_status":"closed","ping_status":"closed","template":"page.php","meta":{"footnotes":""},"yoast_head":"<!-- This site is optimized with the Yoast SEO plugin v23.5 - https:\/\/yoast.com\/wordpress\/plugins\/seo\/ -->\n<title>EKSPERCI: Doradztwo biznesowe | Szkolenia AI | Mentoring | Marketing<\/title>\n<meta name=\"robots\" content=\"index, follow, max-snippet:-1, max-image-preview:large, max-video-preview:-1\" \/>\n<link rel=\"canonical\" href=\"https:\/\/imagineagency.pl\/en\/analityka-i-automatyzacja-marketingu\/\" \/>\n<meta property=\"og:locale\" content=\"en_GB\" \/>\n<meta property=\"og:type\" content=\"article\" \/>\n<meta property=\"og:title\" content=\"EKSPERCI: Doradztwo biznesowe | Szkolenia AI | Mentoring | Marketing\" \/>\n<meta property=\"og:url\" content=\"https:\/\/imagineagency.pl\/en\/analityka-i-automatyzacja-marketingu\/\" \/>\n<meta property=\"og:site_name\" content=\"EKSPERCI: Doradztwo biznesowe | Szkolenia AI | Mentoring | Marketing\" \/>\n<meta property=\"article:modified_time\" content=\"2024-05-09T08:33:10+00:00\" \/>\n<meta name=\"twitter:card\" content=\"summary_large_image\" \/>\n<meta name=\"twitter:label1\" content=\"Estimated reading time\" \/>\n\t<meta name=\"twitter:data1\" content=\"3 minutes\" \/>\n<script type=\"application\/ld+json\" class=\"yoast-schema-graph\">{\"@context\":\"https:\/\/schema.org\",\"@graph\":[{\"@type\":\"WebPage\",\"@id\":\"https:\/\/imagineagency.pl\/analityka-i-automatyzacja-marketingu\/\",\"url\":\"https:\/\/imagineagency.pl\/analityka-i-automatyzacja-marketingu\/\",\"name\":\"EKSPERCI: Doradztwo biznesowe | Szkolenia AI | Mentoring | Marketing\",\"isPartOf\":{\"@id\":\"https:\/\/imagineagency.pl\/#website\"},\"datePublished\":\"2024-05-08T13:26:15+00:00\",\"dateModified\":\"2024-05-09T08:33:10+00:00\",\"breadcrumb\":{\"@id\":\"https:\/\/imagineagency.pl\/analityka-i-automatyzacja-marketingu\/#breadcrumb\"},\"inLanguage\":\"en-GB\",\"potentialAction\":[{\"@type\":\"ReadAction\",\"target\":[\"https:\/\/imagineagency.pl\/analityka-i-automatyzacja-marketingu\/\"]}]},{\"@type\":\"BreadcrumbList\",\"@id\":\"https:\/\/imagineagency.pl\/analityka-i-automatyzacja-marketingu\/#breadcrumb\",\"itemListElement\":[{\"@type\":\"ListItem\",\"position\":1,\"name\":\"Strona g\u0142\u00f3wna\",\"item\":\"https:\/\/imagineagency.pl\/\"},{\"@type\":\"ListItem\",\"position\":2,\"name\":\"ANALITYKA I AUTOMATYZACJA MARKETINGU\"}]},{\"@type\":\"WebSite\",\"@id\":\"https:\/\/imagineagency.pl\/#website\",\"url\":\"https:\/\/imagineagency.pl\/\",\"name\":\"EKSPERCI: Doradztwo biznesowe | Szkolenia AI | Mentoring | Marketing\",\"description\":\"\",\"potentialAction\":[{\"@type\":\"SearchAction\",\"target\":{\"@type\":\"EntryPoint\",\"urlTemplate\":\"https:\/\/imagineagency.pl\/?s={search_term_string}\"},\"query-input\":{\"@type\":\"PropertyValueSpecification\",\"valueRequired\":true,\"valueName\":\"search_term_string\"}}],\"inLanguage\":\"en-GB\"}]}<\/script>\n<!-- \/ Yoast SEO plugin. -->","yoast_head_json":{"title":"EKSPERCI: Doradztwo biznesowe | Szkolenia AI | Mentoring | Marketing","robots":{"index":"index","follow":"follow","max-snippet":"max-snippet:-1","max-image-preview":"max-image-preview:large","max-video-preview":"max-video-preview:-1"},"canonical":"https:\/\/imagineagency.pl\/en\/analityka-i-automatyzacja-marketingu\/","og_locale":"en_GB","og_type":"article","og_title":"EKSPERCI: Doradztwo biznesowe | Szkolenia AI | Mentoring | Marketing","og_url":"https:\/\/imagineagency.pl\/en\/analityka-i-automatyzacja-marketingu\/","og_site_name":"EKSPERCI: Doradztwo biznesowe | Szkolenia AI | Mentoring | Marketing","article_modified_time":"2024-05-09T08:33:10+00:00","twitter_card":"summary_large_image","twitter_misc":{"Estimated reading time":"3 minutes"},"schema":{"@context":"https:\/\/schema.org","@graph":[{"@type":"WebPage","@id":"https:\/\/imagineagency.pl\/analityka-i-automatyzacja-marketingu\/","url":"https:\/\/imagineagency.pl\/analityka-i-automatyzacja-marketingu\/","name":"EKSPERCI: Doradztwo biznesowe | Szkolenia AI | Mentoring | Marketing","isPartOf":{"@id":"https:\/\/imagineagency.pl\/#website"},"datePublished":"2024-05-08T13:26:15+00:00","dateModified":"2024-05-09T08:33:10+00:00","breadcrumb":{"@id":"https:\/\/imagineagency.pl\/analityka-i-automatyzacja-marketingu\/#breadcrumb"},"inLanguage":"en-GB","potentialAction":[{"@type":"ReadAction","target":["https:\/\/imagineagency.pl\/analityka-i-automatyzacja-marketingu\/"]}]},{"@type":"BreadcrumbList","@id":"https:\/\/imagineagency.pl\/analityka-i-automatyzacja-marketingu\/#breadcrumb","itemListElement":[{"@type":"ListItem","position":1,"name":"Strona g\u0142\u00f3wna","item":"https:\/\/imagineagency.pl\/"},{"@type":"ListItem","position":2,"name":"ANALITYKA I AUTOMATYZACJA MARKETINGU"}]},{"@type":"WebSite","@id":"https:\/\/imagineagency.pl\/#website","url":"https:\/\/imagineagency.pl\/","name":"EKSPERCI: Doradztwo biznesowe | Szkolenia AI | Mentoring | Marketing","description":"","potentialAction":[{"@type":"SearchAction","target":{"@type":"EntryPoint","urlTemplate":"https:\/\/imagineagency.pl\/?s={search_term_string}"},"query-input":{"@type":"PropertyValueSpecification","valueRequired":true,"valueName":"search_term_string"}}],"inLanguage":"en-GB"}]}},"_links":{"self":[{"href":"https:\/\/imagineagency.pl\/en\/wp-json\/wp\/v2\/pages\/920"}],"collection":[{"href":"https:\/\/imagineagency.pl\/en\/wp-json\/wp\/v2\/pages"}],"about":[{"href":"https:\/\/imagineagency.pl\/en\/wp-json\/wp\/v2\/types\/page"}],"author":[{"embeddable":true,"href":"https:\/\/imagineagency.pl\/en\/wp-json\/wp\/v2\/users\/1"}],"replies":[{"embeddable":true,"href":"https:\/\/imagineagency.pl\/en\/wp-json\/wp\/v2\/comments?post=920"}],"version-history":[{"count":2,"href":"https:\/\/imagineagency.pl\/en\/wp-json\/wp\/v2\/pages\/920\/revisions"}],"predecessor-version":[{"id":938,"href":"https:\/\/imagineagency.pl\/en\/wp-json\/wp\/v2\/pages\/920\/revisions\/938"}],"wp:attachment":[{"href":"https:\/\/imagineagency.pl\/en\/wp-json\/wp\/v2\/media?parent=920"}],"curies":[{"name":"wp","href":"https:\/\/api.w.org\/{rel}","templated":true}]}}